{"id":135,"date":"2024-02-28T01:08:08","date_gmt":"2024-02-28T01:08:08","guid":{"rendered":"https:\/\/jetcorpaviations.com\/es\/?page_id=135"},"modified":"2024-05-19T21:57:37","modified_gmt":"2024-05-19T21:57:37","slug":"nosotros","status":"publish","type":"page","link":"https:\/\/jetcorpaviations.com\/es\/nosotros\/","title":{"rendered":"Nosotros"},"content":{"rendered":"<p>[et_pb_section fb_built=\u00bb1&#8243; _builder_version=\u00bb4.22.1&#8243; _module_preset=\u00bbdefault\u00bb background_image=\u00bbhttps:\/\/jetcorpaviations.com\/es\/wp-content\/uploads\/2024\/03\/pagina-jet-oscura-jpg.webp\u00bb custom_padding=\u00bb||54px|||\u00bb global_colors_info=\u00bb{}\u00bb][et_pb_row column_structure=\u00bb1_2,1_2&#8243; _builder_version=\u00bb4.22.1&#8243; _module_preset=\u00bbdefault\u00bb custom_margin=\u00bb100px||100px||false|false\u00bb hover_enabled=\u00bb0&#8243; global_colors_info=\u00bb{}\u00bb sticky_enabled=\u00bb0&#8243;][et_pb_column type=\u00bb1_2&#8243; _builder_version=\u00bb4.22.1&#8243; _module_preset=\u00bbdefault\u00bb global_colors_info=\u00bb{}\u00bb][et_pb_text _builder_version=\u00bb4.22.1&#8243; _module_preset=\u00bbdefault\u00bb text_font=\u00bbRoboto||||||||\u00bb text_text_color=\u00bb#FFFFFF\u00bb text_font_size=\u00bb16px\u00bb header_font=\u00bbRoboto||||||||\u00bb header_text_color=\u00bb#0C71C3&#8243; global_colors_info=\u00bb{}\u00bb]<\/p>\n<h1><span style=\"color: #ffffff;\">MISI\u00d3N<\/span><\/h1>\n<p>Desarrollar y proporcionar un servicio excepcional en productos, recursos y oportunidades para nuestros clientes, socios y personal aeron\u00e1utico.<\/p>\n<h1><span style=\"color: #ffffff;\">VISI\u00d3N<\/span><\/h1>\n<p>Convertirnos en la primera compa\u00f1\u00eda de servicios t\u00e9cnicos aeron\u00e1uticos y brindar asesor\u00eda calificada a nuestros clientes.<\/p>\n<p>[\/et_pb_text][\/et_pb_column][et_pb_column type=\u00bb1_2&#8243; _builder_version=\u00bb4.22.1&#8243; _module_preset=\u00bbdefault\u00bb global_colors_info=\u00bb{}\u00bb][\/et_pb_column][\/et_pb_row][\/et_pb_section][et_pb_section fb_built=\u00bb1&#8243; _builder_version=\u00bb4.22.1&#8243; _module_preset=\u00bbdefault\u00bb background_image=\u00bbhttps:\/\/jetcorpaviations.com\/es\/wp-content\/uploads\/2024\/03\/compromiso-jpg.webp\u00bb global_colors_info=\u00bb{}\u00bb][et_pb_row column_structure=\u00bb1_2,1_2&#8243; _builder_version=\u00bb4.22.1&#8243; _module_preset=\u00bbdefault\u00bb global_colors_info=\u00bb{}\u00bb][et_pb_column type=\u00bb1_2&#8243; _builder_version=\u00bb4.22.1&#8243; _module_preset=\u00bbdefault\u00bb global_colors_info=\u00bb{}\u00bb][et_pb_text _builder_version=\u00bb4.22.1&#8243; _module_preset=\u00bbdefault\u00bb text_font=\u00bbRoboto|600|||||||\u00bb text_text_color=\u00bb#FFFFFF\u00bb text_font_size=\u00bb44px\u00bb text_line_height=\u00bb1.2em\u00bb custom_padding=\u00bb||0px|||\u00bb animation_style=\u00bbzoom\u00bb animation_direction=\u00bbright\u00bb global_colors_info=\u00bb{}\u00bb]<\/p>\n<p>NUESTRA PROMESA<\/p>\n<p>[\/et_pb_text][et_pb_text _builder_version=\u00bb4.22.1&#8243; _module_preset=\u00bbdefault\u00bb text_font=\u00bbRoboto||||||||\u00bb text_text_color=\u00bb#FFFFFF\u00bb text_font_size=\u00bb21px\u00bb custom_margin=\u00bb7px||||false|false\u00bb animation_style=\u00bbzoom\u00bb global_colors_info=\u00bb{}\u00bb]<\/p>\n<p>Vas a estar relajado, nuestros servicios y productos son eficientes, confiables y estar\u00e1n en el tiempo que los necesitas.<\/p>\n<p>[\/et_pb_text][\/et_pb_column][et_pb_column type=\u00bb1_2&#8243; _builder_version=\u00bb4.22.1&#8243; _module_preset=\u00bbdefault\u00bb global_colors_info=\u00bb{}\u00bb][et_pb_image src=\u00bbhttps:\/\/jetcorpaviations.com\/es\/wp-content\/uploads\/2024\/03\/our-promise-2.png\u00bb title_text=\u00bbour-promise-2&#8243; _builder_version=\u00bb4.22.1&#8243; _module_preset=\u00bbdefault\u00bb global_colors_info=\u00bb{}\u00bb][\/et_pb_image][\/et_pb_column][\/et_pb_row][\/et_pb_section]<\/p>\n","protected":false},"excerpt":{"rendered":"<p>MISI\u00d3N Desarrollar y proporcionar un servicio excepcional en productos, recursos y oportunidades para nuestros clientes, socios y personal aeron\u00e1utico. VISI\u00d3N Convertirnos en la primera compa\u00f1\u00eda de servicios t\u00e9cnicos aeron\u00e1uticos y brindar asesor\u00eda calificada a nuestros clientes.NUESTRA PROMESAVas a estar relajado, nuestros servicios y productos son eficientes, confiables y estar\u00e1n en el tiempo que los necesitas.<\/p>\n","protected":false},"author":1,"featured_media":0,"parent":0,"menu_order":0,"comment_status":"closed","ping_status":"closed","template":"","meta":{"_et_pb_use_builder":"on","_et_pb_old_content":"","_et_gb_content_width":"","footnotes":""},"class_list":["post-135","page","type-page","status-publish","hentry"],"_links":{"self":[{"href":"https:\/\/jetcorpaviations.com\/es\/wp-json\/wp\/v2\/pages\/135","targetHints":{"allow":["GET"]}}],"collection":[{"href":"https:\/\/jetcorpaviations.com\/es\/wp-json\/wp\/v2\/pages"}],"about":[{"href":"https:\/\/jetcorpaviations.com\/es\/wp-json\/wp\/v2\/types\/page"}],"author":[{"embeddable":true,"href":"https:\/\/jetcorpaviations.com\/es\/wp-json\/wp\/v2\/users\/1"}],"replies":[{"embeddable":true,"href":"https:\/\/jetcorpaviations.com\/es\/wp-json\/wp\/v2\/comments?post=135"}],"version-history":[{"count":7,"href":"https:\/\/jetcorpaviations.com\/es\/wp-json\/wp\/v2\/pages\/135\/revisions"}],"predecessor-version":[{"id":239,"href":"https:\/\/jetcorpaviations.com\/es\/wp-json\/wp\/v2\/pages\/135\/revisions\/239"}],"wp:attachment":[{"href":"https:\/\/jetcorpaviations.com\/es\/wp-json\/wp\/v2\/media?parent=135"}],"curies":[{"name":"wp","href":"https:\/\/api.w.org\/{rel}","templated":true}]}}